{"id":62,"date":"2018-02-07T16:47:07","date_gmt":"2018-02-07T15:47:07","guid":{"rendered":"http:\/\/www.zomidi3.mmg.mpg.de\/?page_id=62"},"modified":"2021-11-24T11:39:29","modified_gmt":"2021-11-24T10:39:29","slug":"kontakt","status":"publish","type":"page","link":"http:\/\/zomidi.de\/?page_id=62","title":{"rendered":"Der Beirat"},"content":{"rendered":"\t\t<div data-elementor-type=\"wp-post\" data-elementor-id=\"62\" class=\"elementor elementor-62\" data-elementor-post-type=\"page\">\n\t\t\t\t\t\t<section class=\"elementor-section elementor-top-section elementor-element elementor-element-5d59f74 elementor-section-boxed elementor-section-height-default elementor-section-height-default\" data-id=\"5d59f74\" data-element_type=\"section\">\n\t\t\t\t\t\t<div class=\"elementor-container elementor-column-gap-default\">\n\t\t\t\t\t<div class=\"elementor-column elementor-col-25 elementor-top-column elementor-element elementor-element-93db79f\" data-id=\"93db79f\" data-element_type=\"column\">\n\t\t\t<div class=\"elementor-widget-wrap elementor-element-populated\">\n\t\t\t\t\t\t<div class=\"elementor-element elementor-element-2e5c3e3 elementor-widget elementor-widget-heading\" data-id=\"2e5c3e3\" data-element_type=\"widget\" data-widget_type=\"heading.default\">\n\t\t\t\t<div class=\"elementor-widget-container\">\n\t\t\t\t\t<h2 class=\"elementor-heading-title elementor-size-default\"><a href=\"https:\/\/www.leuphana.de\/universitaet\/personen\/manuela-bojadzijev.html\" target=\"_blank\">Prof. Dr. Manuela Bojad\u017eijev<\/a><\/h2>\t\t\t\t<\/div>\n\t\t\t\t<\/div>\n\t\t\t\t<div class=\"elementor-element elementor-element-dc8d9cf elementor-widget elementor-widget-text-editor\" data-id=\"dc8d9cf\" data-element_type=\"widget\" data-widget_type=\"text-editor.default\">\n\t\t\t\t<div class=\"elementor-widget-container\">\n\t\t\t\t\t\t\t\t\t<p>Juniorprofessorin f\u00fcr Globalisierte Kulturen am Institut f\u00fcr Soziologie und Kulturorganisation (ISKO), Leuphana Universit\u00e4t L\u00fcneburg<\/p>\t\t\t\t\t\t\t\t<\/div>\n\t\t\t\t<\/div>\n\t\t\t\t<div class=\"elementor-element elementor-element-1891897 elementor-widget elementor-widget-heading\" data-id=\"1891897\" data-element_type=\"widget\" data-widget_type=\"heading.default\">\n\t\t\t\t<div class=\"elementor-widget-container\">\n\t\t\t\t\t<h2 class=\"elementor-heading-title elementor-size-default\"><a href=\"https:\/\/www.uni-goettingen.de\/de\/446519.html\" target=\"_blank\">Prof. Dr. Andrea D. B\u00fchrmann<\/a><\/h2>\t\t\t\t<\/div>\n\t\t\t\t<\/div>\n\t\t\t\t<div class=\"elementor-element elementor-element-6366a87 elementor-widget elementor-widget-text-editor\" data-id=\"6366a87\" data-element_type=\"widget\" data-widget_type=\"text-editor.default\">\n\t\t\t\t<div class=\"elementor-widget-container\">\n\t\t\t\t\t\t\t\t\t<p>Professorin am Institut f\u00fcr Diversit\u00e4tsforschung, <br \/>Georg-August-Universit\u00e4t G\u00f6ttingen<\/p>\t\t\t\t\t\t\t\t<\/div>\n\t\t\t\t<\/div>\n\t\t\t\t<div class=\"elementor-element elementor-element-a89cd00 elementor-widget elementor-widget-heading\" data-id=\"a89cd00\" data-element_type=\"widget\" data-widget_type=\"heading.default\">\n\t\t\t\t<div class=\"elementor-widget-container\">\n\t\t\t\t\t<h2 class=\"elementor-heading-title elementor-size-default\"><a href=\"https:\/\/www.ms.niedersachsen.de\/themen\/familie\/lesben_und_schwule\/geschlechtliche-und-sexuelle-vielfalt-13779.html\" target=\"_blank\">Hans Hengelein<\/a><\/h2>\t\t\t\t<\/div>\n\t\t\t\t<\/div>\n\t\t\t\t<div class=\"elementor-element elementor-element-4b5f121 elementor-widget elementor-widget-text-editor\" data-id=\"4b5f121\" data-element_type=\"widget\" data-widget_type=\"text-editor.default\">\n\t\t\t\t<div class=\"elementor-widget-container\">\n\t\t\t\t\t\t\t\t\t<p>Referent LSBTTI und AIDS-Koordinator im Nieders\u00e4chsischen Ministerium f\u00fcr Soziales, Gesundheit und Gleichstellung, Hannover<\/p>\t\t\t\t\t\t\t\t<\/div>\n\t\t\t\t<\/div>\n\t\t\t\t<div class=\"elementor-element elementor-element-9b99299 elementor-widget elementor-widget-heading\" data-id=\"9b99299\" data-element_type=\"widget\" data-widget_type=\"heading.default\">\n\t\t\t\t<div class=\"elementor-widget-container\">\n\t\t\t\t\t<h2 class=\"elementor-heading-title elementor-size-default\">Nihat \u00d6zt\u00fcrk<\/h2>\t\t\t\t<\/div>\n\t\t\t\t<\/div>\n\t\t\t\t<div class=\"elementor-element elementor-element-ff9bf0e elementor-widget elementor-widget-text-editor\" data-id=\"ff9bf0e\" data-element_type=\"widget\" data-widget_type=\"text-editor.default\">\n\t\t\t\t<div class=\"elementor-widget-container\">\n\t\t\t\t\t\t\t\t\t<p>Bis 2017 Erster Bevollm\u00e4chtigter und Gesch\u00e4ftsf\u00fchrer der IG Metall D\u00fcsseldorf-Neuss<\/p>\t\t\t\t\t\t\t\t<\/div>\n\t\t\t\t<\/div>\n\t\t\t\t\t<\/div>\n\t\t<\/div>\n\t\t\t\t<div class=\"elementor-column elementor-col-25 elementor-top-column elementor-element elementor-element-83fc467\" data-id=\"83fc467\" data-element_type=\"column\">\n\t\t\t<div class=\"elementor-widget-wrap\">\n\t\t\t\t\t\t\t<\/div>\n\t\t<\/div>\n\t\t\t\t<div class=\"elementor-column elementor-col-25 elementor-top-column elementor-element elementor-element-f6aa590\" data-id=\"f6aa590\" data-element_type=\"column\">\n\t\t\t<div class=\"elementor-widget-wrap elementor-element-populated\">\n\t\t\t\t\t\t<div class=\"elementor-element elementor-element-d8f9bb4 elementor-widget elementor-widget-heading\" data-id=\"d8f9bb4\" data-element_type=\"widget\" data-widget_type=\"heading.default\">\n\t\t\t\t<div class=\"elementor-widget-container\">\n\t\t\t\t\t<h2 class=\"elementor-heading-title elementor-size-default\"><a href=\"http:\/\/www.der-paritaetische.de\/presse\/pressefotos-vita\/rolf-rosenbrock\/\" target=\"_blank\">Prof. Dr. Rolf Rosenbrock<\/a><\/h2>\t\t\t\t<\/div>\n\t\t\t\t<\/div>\n\t\t\t\t<div class=\"elementor-element elementor-element-27f016b elementor-widget elementor-widget-text-editor\" data-id=\"27f016b\" data-element_type=\"widget\" data-widget_type=\"text-editor.default\">\n\t\t\t\t<div class=\"elementor-widget-container\">\n\t\t\t\t\t\t\t\t\t<p>Vorsitzender des Parit\u00e4tischen Wohlfahrtsverbandes \u2013 Gesamtverband e.V., Berlin<\/p>\t\t\t\t\t\t\t\t<\/div>\n\t\t\t\t<\/div>\n\t\t\t\t<div class=\"elementor-element elementor-element-b24488a elementor-widget elementor-widget-heading\" data-id=\"b24488a\" data-element_type=\"widget\" data-widget_type=\"heading.default\">\n\t\t\t\t<div class=\"elementor-widget-container\">\n\t\t\t\t\t<h2 class=\"elementor-heading-title elementor-size-default\"><a href=\"https:\/\/www.reha.hu-berlin.de\/de\/personal\/mitarbeiter\/1690428\" target=\"_blank\">Prof. Dr. Gudrun Wansing<\/a><\/h2>\t\t\t\t<\/div>\n\t\t\t\t<\/div>\n\t\t\t\t<div class=\"elementor-element elementor-element-11ae500 elementor-widget elementor-widget-text-editor\" data-id=\"11ae500\" data-element_type=\"widget\" data-widget_type=\"text-editor.default\">\n\t\t\t\t<div class=\"elementor-widget-container\">\n\t\t\t\t\t\t\t\t\t<p>Professorin f\u00fcr Rehabilitationssoziologie und berufliche Rehabilitation am Institut f\u00fcr Rehabilitationswissenschaften, Humboldt-Universit\u00e4t zu Berlin<\/p>\t\t\t\t\t\t\t\t<\/div>\n\t\t\t\t<\/div>\n\t\t\t\t<div class=\"elementor-element elementor-element-b948eec elementor-widget elementor-widget-heading\" data-id=\"b948eec\" data-element_type=\"widget\" data-widget_type=\"heading.default\">\n\t\t\t\t<div class=\"elementor-widget-container\">\n\t\t\t\t\t<h2 class=\"elementor-heading-title elementor-size-default\"><a href=\"https:\/\/www.uni-muenster.de\/IfPol\/personen\/zimmer.html\" target=\"_blank\">Prof. Dr. Annette Zimmer<\/a><\/h2>\t\t\t\t<\/div>\n\t\t\t\t<\/div>\n\t\t\t\t<div class=\"elementor-element elementor-element-0609372 elementor-widget elementor-widget-text-editor\" data-id=\"0609372\" data-element_type=\"widget\" data-widget_type=\"text-editor.default\">\n\t\t\t\t<div class=\"elementor-widget-container\">\n\t\t\t\t\t\t\t\t\t<p>Professorin f\u00fcr Deutsche und Europ\u00e4ische Sozialpolitik und Vergleichende Politikwissenschaft am Institut f\u00fcr Politikwissenschaft, Westf\u00e4lische Wilhelms-Universit\u00e4t M\u00fcnster<\/p>\t\t\t\t\t\t\t\t<\/div>\n\t\t\t\t<\/div>\n\t\t\t\t\t<\/div>\n\t\t<\/div>\n\t\t\t\t<div class=\"elementor-column elementor-col-25 elementor-top-column elementor-element elementor-element-1133ad8\" data-id=\"1133ad8\" data-element_type=\"column\">\n\t\t\t<div class=\"elementor-widget-wrap\">\n\t\t\t\t\t\t\t<\/div>\n\t\t<\/div>\n\t\t\t\t\t<\/div>\n\t\t<\/section>\n\t\t\t\t<section class=\"elementor-section elementor-top-section elementor-element elementor-element-a7e808c elementor-section-boxed elementor-section-height-default elementor-section-height-default\" data-id=\"a7e808c\" data-element_type=\"section\">\n\t\t\t\t\t\t<div class=\"elementor-container elementor-column-gap-default\">\n\t\t\t\t\t<div class=\"elementor-column elementor-col-100 elementor-top-column elementor-element elementor-element-6c78ba5\" data-id=\"6c78ba5\" data-element_type=\"column\">\n\t\t\t<div class=\"elementor-widget-wrap elementor-element-populated\">\n\t\t\t\t\t\t<div class=\"elementor-element elementor-element-3b90f14 elementor-widget elementor-widget-spacer\" data-id=\"3b90f14\" data-element_type=\"widget\" data-widget_type=\"spacer.default\">\n\t\t\t\t<div class=\"elementor-widget-container\">\n\t\t\t\t\t\t\t<div class=\"elementor-spacer\">\n\t\t\t<div class=\"elementor-spacer-inner\"><\/div>\n\t\t<\/div>\n\t\t\t\t\t\t<\/div>\n\t\t\t\t<\/div>\n\t\t\t\t\t<\/div>\n\t\t<\/div>\n\t\t\t\t\t<\/div>\n\t\t<\/section>\n\t\t\t\t<section class=\"elementor-section elementor-top-section elementor-element elementor-element-6d4f8d9e elementor-section-boxed elementor-section-height-default elementor-section-height-default\" data-id=\"6d4f8d9e\" data-element_type=\"section\">\n\t\t\t\t\t\t<div class=\"elementor-container elementor-column-gap-default\">\n\t\t\t\t\t<div class=\"elementor-column elementor-col-100 elementor-top-column elementor-element elementor-element-15e0e05\" data-id=\"15e0e05\" data-element_type=\"column\">\n\t\t\t<div class=\"elementor-widget-wrap\">\n\t\t\t\t\t\t\t<\/div>\n\t\t<\/div>\n\t\t\t\t\t<\/div>\n\t\t<\/section>\n\t\t\t\t<\/div>\n\t\t","protected":false},"excerpt":{"rendered":"<p>Prof. Dr. Manuela Bojad\u017eijev Juniorprofessorin f\u00fcr Globalisierte Kulturen am Institut f\u00fcr Soziologie und Kulturorganisation (ISKO), Leuphana Universit\u00e4t L\u00fcneburg Prof. Dr. Andrea D. B\u00fchrmann Professorin am Institut f\u00fcr Diversit\u00e4tsforschung, Georg-August-Universit\u00e4t G\u00f6ttingen Hans Hengelein Referent LSBTTI und AIDS-Koordinator im Nieders\u00e4chsischen Ministerium f\u00fcr Soziales, Gesundheit und Gleichstellung, Hannover Nihat \u00d6zt\u00fcrk Bis 2017 Erster Bevollm\u00e4chtigter und Gesch\u00e4ftsf\u00fchrer der IG [&hellip;]<\/p>\n","protected":false},"author":2,"featured_media":0,"parent":0,"menu_order":0,"comment_status":"closed","ping_status":"closed","template":"","meta":{"footnotes":""},"class_list":["post-62","page","type-page","status-publish","hentry"],"_links":{"self":[{"href":"http:\/\/zomidi.de\/index.php?rest_route=\/wp\/v2\/pages\/62","targetHints":{"allow":["GET"]}}],"collection":[{"href":"http:\/\/zomidi.de\/index.php?rest_route=\/wp\/v2\/pages"}],"about":[{"href":"http:\/\/zomidi.de\/index.php?rest_route=\/wp\/v2\/types\/page"}],"author":[{"embeddable":true,"href":"http:\/\/zomidi.de\/index.php?rest_route=\/wp\/v2\/users\/2"}],"replies":[{"embeddable":true,"href":"http:\/\/zomidi.de\/index.php?rest_route=%2Fwp%2Fv2%2Fcomments&post=62"}],"version-history":[{"count":89,"href":"http:\/\/zomidi.de\/index.php?rest_route=\/wp\/v2\/pages\/62\/revisions"}],"predecessor-version":[{"id":2643,"href":"http:\/\/zomidi.de\/index.php?rest_route=\/wp\/v2\/pages\/62\/revisions\/2643"}],"wp:attachment":[{"href":"http:\/\/zomidi.de\/index.php?rest_route=%2Fwp%2Fv2%2Fmedia&parent=62"}],"curies":[{"name":"wp","href":"https:\/\/api.w.org\/{rel}","templated":true}]}}