{"id":4,"date":"2018-02-07T15:45:26","date_gmt":"2018-02-07T14:45:26","guid":{"rendered":"http:\/\/www.zomidi3.mmg.mpg.de\/?page_id=2"},"modified":"2021-10-04T09:04:36","modified_gmt":"2021-10-04T07:04:36","slug":"beispiel-seite","status":"publish","type":"page","link":"http:\/\/zomidi.de\/","title":{"rendered":"Zivilgesellschaftliche Organisationen und die Herausforderungen von Migration und Diversit\u00e4t: Agents of Change (ZOMiDi)"},"content":{"rendered":"\t\t<div data-elementor-type=\"wp-post\" data-elementor-id=\"4\" class=\"elementor elementor-4\" data-elementor-post-type=\"page\">\n\t\t\t\t\t\t<section class=\"elementor-section elementor-top-section elementor-element elementor-element-57762623 elementor-section-boxed elementor-section-height-default elementor-section-height-default\" data-id=\"57762623\" data-element_type=\"section\">\n\t\t\t\t\t\t<div class=\"elementor-container elementor-column-gap-default\">\n\t\t\t\t\t<div class=\"elementor-column elementor-col-33 elementor-top-column elementor-element elementor-element-5657bcef\" data-id=\"5657bcef\" data-element_type=\"column\">\n\t\t\t<div class=\"elementor-widget-wrap elementor-element-populated\">\n\t\t\t\t\t\t<div class=\"elementor-element elementor-element-afafd30 elementor-widget elementor-widget-text-editor\" data-id=\"afafd30\" data-element_type=\"widget\" data-widget_type=\"text-editor.default\">\n\t\t\t\t<div class=\"elementor-widget-container\">\n\t\t\t\t\t\t\t\t\t<p>Das Verbundprojekt &#8222;Zivilgesellschaftliche Organisationen und die Herausforderungen von Migration und Diversit\u00e4t&#8220; untersucht, wie und wodurch zivilgesellschaftliche Organisationen sich in Ausein\u00adandersetzung mit Migration und gesellschaftlicher Vielfalt ver\u00e4ndern. Der Fokus liegt auf Organisationen, f\u00fcr deren Identit\u00e4t Differenz und Teilhabe konstitutiv sind, da sie bestimmte, potentiell benachteiligte Bev\u00f6lkerungsgruppen vertreten. Als zivilgesellschaftliche Organisationen spielen sie eine zentrale Rolle f\u00fcr gesellschaftliche Selbstorganisations- und Parti\u00adzipationsprozesse. Wie reagieren solche differenzaffinen Organisationen auf migrationsbezogene Herausforderungen? Welche \u201e<em>best practices<\/em>\u201c f\u00fcr organisationalen Wandel bieten sie?<\/p><p>Einerseits ist bekannt, dass Migrationsprozesse nicht nur die Migrant*innen und ihre Nachkommen, sondern auch die aufnehmenden Gesell\u00adschaften ver\u00e4ndern. Andererseits wissen wir um die Beharrungskraft von Institutionen und Organisationen und damit verbundene Prozesse von Diskriminierung und Exklusion. Untersucht wird dieses Spannungsverh\u00e4ltnis von Ver\u00e4nde\u00adrung und Beharrung mit einem Schwerpunkt auf den Bedingungen und Akteuren, die Ver\u00e4nderung in Richtung von mehr Offenheit, Vielfalt und Partizipation vorantreiben. Das dreij\u00e4hrige Forschungsprojekt wird ab Februar 2018 vom Bundesministerium f\u00fcr Bildung und Forschung im Rahmen der Ma\u00dfnahme \u201cMigration und gesellschaftlicher Wandel\u201d &#8211; Themenfeld II: \u201eDiversit\u00e4t und institutioneller Wandel durch Zuwanderung\u201c gef\u00f6rdert.<\/p><p>Verbundpartner<\/p><ul><li>Max-Planck-Institut zur Erforschung multi\u00adreligi\u00f6ser und multiethnischer Gesellschaften G\u00f6ttingen<\/li><li>Humboldt-Universit\u00e4t zu Berlin<\/li><li>Ludwig-Maximilians-Universit\u00e4t M\u00fcnchen<\/li><\/ul><p><br \/>Kooperationspartner au\u00dferhalb der Wissenschaft<\/p>\t\t\t\t\t\t\t\t<\/div>\n\t\t\t\t<\/div>\n\t\t\t\t<div class=\"elementor-element elementor-element-3c2a991 elementor-icon-list--layout-traditional elementor-list-item-link-full_width elementor-widget elementor-widget-icon-list\" data-id=\"3c2a991\" data-element_type=\"widget\" data-widget_type=\"icon-list.default\">\n\t\t\t\t<div class=\"elementor-widget-container\">\n\t\t\t\t\t\t\t<ul class=\"elementor-icon-list-items\">\n\t\t\t\t\t\t\t<li class=\"elementor-icon-list-item\">\n\t\t\t\t\t\t\t\t\t\t\t<a href=\"https:\/\/www.lebenshilfe.de\/de\/index.php\" target=\"_blank\">\n\n\t\t\t\t\t\t\t\t\t\t\t\t<span class=\"elementor-icon-list-icon\">\n\t\t\t\t\t\t\t<i aria-hidden=\"true\" class=\"fas fa-globe\"><\/i>\t\t\t\t\t\t<\/span>\n\t\t\t\t\t\t\t\t\t\t<span class=\"elementor-icon-list-text\">Bundesvereinigung Lebenshilfe e.V., Berlin\/Marburg<\/span>\n\t\t\t\t\t\t\t\t\t\t\t<\/a>\n\t\t\t\t\t\t\t\t\t<\/li>\n\t\t\t\t\t\t\t\t<li class=\"elementor-icon-list-item\">\n\t\t\t\t\t\t\t\t\t\t\t<a href=\"https:\/\/www.aidshilfe.de\/\" target=\"_blank\">\n\n\t\t\t\t\t\t\t\t\t\t\t\t<span class=\"elementor-icon-list-icon\">\n\t\t\t\t\t\t\t<i aria-hidden=\"true\" class=\"fas fa-globe\"><\/i>\t\t\t\t\t\t<\/span>\n\t\t\t\t\t\t\t\t\t\t<span class=\"elementor-icon-list-text\">Deutsche AIDS-Hilfe e.V., Berlin<\/span>\n\t\t\t\t\t\t\t\t\t\t\t<\/a>\n\t\t\t\t\t\t\t\t\t<\/li>\n\t\t\t\t\t\t\t\t<li class=\"elementor-icon-list-item\">\n\t\t\t\t\t\t\t\t\t\t\t<a href=\"https:\/\/www.lsvd.de\/\" target=\"_blank\">\n\n\t\t\t\t\t\t\t\t\t\t\t\t<span class=\"elementor-icon-list-icon\">\n\t\t\t\t\t\t\t<i aria-hidden=\"true\" class=\"fas fa-globe\"><\/i>\t\t\t\t\t\t<\/span>\n\t\t\t\t\t\t\t\t\t\t<span class=\"elementor-icon-list-text\">Lesben- und Schwulenverband in Deutschland e.V. (LSVD)<\/span>\n\t\t\t\t\t\t\t\t\t\t\t<\/a>\n\t\t\t\t\t\t\t\t\t<\/li>\n\t\t\t\t\t\t\t\t<li class=\"elementor-icon-list-item\">\n\t\t\t\t\t\t\t\t\t\t\t<a href=\"https:\/\/bb.verdi.de\/\" target=\"_blank\">\n\n\t\t\t\t\t\t\t\t\t\t\t\t<span class=\"elementor-icon-list-icon\">\n\t\t\t\t\t\t\t<i aria-hidden=\"true\" class=\"fas fa-globe\"><\/i>\t\t\t\t\t\t<\/span>\n\t\t\t\t\t\t\t\t\t\t<span class=\"elementor-icon-list-text\">Vereinte Dienstleistungs-Gewerkschaft ver.di, Berlin<\/span>\n\t\t\t\t\t\t\t\t\t\t\t<\/a>\n\t\t\t\t\t\t\t\t\t<\/li>\n\t\t\t\t\t\t<\/ul>\n\t\t\t\t\t\t<\/div>\n\t\t\t\t<\/div>\n\t\t\t\t<div class=\"elementor-element elementor-element-32c7a45 elementor-widget elementor-widget-text-editor\" data-id=\"32c7a45\" data-element_type=\"widget\" data-widget_type=\"text-editor.default\">\n\t\t\t\t<div class=\"elementor-widget-container\">\n\t\t\t\t\t\t\t\t\t<p>Laufzeit: Februar 2018 \u2013 Juli 2021<\/p>\t\t\t\t\t\t\t\t<\/div>\n\t\t\t\t<\/div>\n\t\t\t\t<div class=\"elementor-element elementor-element-5bc39d2 elementor-widget elementor-widget-spacer\" data-id=\"5bc39d2\" data-element_type=\"widget\" data-widget_type=\"spacer.default\">\n\t\t\t\t<div class=\"elementor-widget-container\">\n\t\t\t\t\t\t\t<div class=\"elementor-spacer\">\n\t\t\t<div class=\"elementor-spacer-inner\"><\/div>\n\t\t<\/div>\n\t\t\t\t\t\t<\/div>\n\t\t\t\t<\/div>\n\t\t\t\t\t<\/div>\n\t\t<\/div>\n\t\t\t\t<div class=\"elementor-column elementor-col-33 elementor-top-column elementor-element elementor-element-0a7a85c\" data-id=\"0a7a85c\" data-element_type=\"column\">\n\t\t\t<div class=\"elementor-widget-wrap\">\n\t\t\t\t\t\t\t<\/div>\n\t\t<\/div>\n\t\t\t\t<div class=\"elementor-column elementor-col-33 elementor-top-column elementor-element elementor-element-7b1a25a\" data-id=\"7b1a25a\" data-element_type=\"column\">\n\t\t\t<div class=\"elementor-widget-wrap elementor-element-populated\">\n\t\t\t\t\t\t<div class=\"elementor-element elementor-element-2b7959e elementor-widget elementor-widget-heading\" data-id=\"2b7959e\" data-element_type=\"widget\" data-widget_type=\"heading.default\">\n\t\t\t\t<div class=\"elementor-widget-container\">\n\t\t\t\t\t<h4 class=\"elementor-heading-title elementor-size-default\">\u201eK\u00f6nnen Organisationen Vielfalt?\u201c<\/h4>\t\t\t\t<\/div>\n\t\t\t\t<\/div>\n\t\t\t\t<div class=\"elementor-element elementor-element-72a2979 elementor-widget elementor-widget-video\" data-id=\"72a2979\" data-element_type=\"widget\" data-settings=\"{&quot;video_type&quot;:&quot;vimeo&quot;}\" data-widget_type=\"video.default\">\n\t\t\t\t<div class=\"elementor-widget-container\">\n\t\t\t\t\t\t\t<div class=\"elementor-wrapper elementor-open-inline\">\n\t\t\t<iframe class=\"elementor-video-iframe\" allowfullscreen allow=\"clipboard-write\" title=\"vimeo Video Player\" src=\"https:\/\/player.vimeo.com\/video\/591560996?color&amp;autopause=0&amp;loop=0&amp;muted=0&amp;title=0&amp;portrait=0&amp;byline=0#t=\"><\/iframe>\t\t<\/div>\n\t\t\t\t\t\t<\/div>\n\t\t\t\t<\/div>\n\t\t\t\t<div class=\"elementor-element elementor-element-8ac4de1 elementor-widget elementor-widget-text-editor\" data-id=\"8ac4de1\" data-element_type=\"widget\" data-widget_type=\"text-editor.default\">\n\t\t\t\t<div class=\"elementor-widget-container\">\n\t\t\t\t\t\t\t\t\tDer Trailer zu den ZOMiDi-Ergebnissen (2&nbsp;Minuten)\t\t\t\t\t\t\t\t<\/div>\n\t\t\t\t<\/div>\n\t\t\t\t<div class=\"elementor-element elementor-element-1d683c3 elementor-widget elementor-widget-video\" data-id=\"1d683c3\" data-element_type=\"widget\" data-settings=\"{&quot;video_type&quot;:&quot;vimeo&quot;}\" data-widget_type=\"video.default\">\n\t\t\t\t<div class=\"elementor-widget-container\">\n\t\t\t\t\t\t\t<div class=\"elementor-wrapper elementor-open-inline\">\n\t\t\t<iframe class=\"elementor-video-iframe\" allowfullscreen allow=\"clipboard-write\" title=\"vimeo Video Player\" src=\"https:\/\/player.vimeo.com\/video\/591555106?color&amp;autopause=0&amp;loop=0&amp;muted=0&amp;title=0&amp;portrait=0&amp;byline=0#t=\"><\/iframe>\t\t<\/div>\n\t\t\t\t\t\t<\/div>\n\t\t\t\t<\/div>\n\t\t\t\t<div class=\"elementor-element elementor-element-a7217f6 elementor-widget elementor-widget-text-editor\" data-id=\"a7217f6\" data-element_type=\"widget\" data-widget_type=\"text-editor.default\">\n\t\t\t\t<div class=\"elementor-widget-container\">\n\t\t\t\t\t\t\t\t\t<p>Der Film zu den ZOMiDi-Ergebnissen (11\u00a0Minuten)<\/p>\t\t\t\t\t\t\t\t<\/div>\n\t\t\t\t<\/div>\n\t\t\t\t\t<\/div>\n\t\t<\/div>\n\t\t\t\t\t<\/div>\n\t\t<\/section>\n\t\t\t\t<\/div>\n\t\t","protected":false},"excerpt":{"rendered":"<p>Das Verbundprojekt &#8222;Zivilgesellschaftliche Organisationen und die Herausforderungen von Migration und Diversit\u00e4t&#8220; untersucht, wie und wodurch zivilgesellschaftliche Organisationen sich in Ausein\u00adandersetzung mit Migration und gesellschaftlicher Vielfalt ver\u00e4ndern. Der Fokus liegt auf Organisationen, f\u00fcr deren Identit\u00e4t Differenz und Teilhabe konstitutiv sind, da sie bestimmte, potentiell benachteiligte Bev\u00f6lkerungsgruppen vertreten. Als zivilgesellschaftliche Organisationen spielen sie eine zentrale Rolle f\u00fcr [&hellip;]<\/p>\n","protected":false},"author":2,"featured_media":0,"parent":0,"menu_order":0,"comment_status":"closed","ping_status":"open","template":"","meta":{"footnotes":""},"class_list":["post-4","page","type-page","status-publish","hentry"],"_links":{"self":[{"href":"http:\/\/zomidi.de\/index.php?rest_route=\/wp\/v2\/pages\/4","targetHints":{"allow":["GET"]}}],"collection":[{"href":"http:\/\/zomidi.de\/index.php?rest_route=\/wp\/v2\/pages"}],"about":[{"href":"http:\/\/zomidi.de\/index.php?rest_route=\/wp\/v2\/types\/page"}],"author":[{"embeddable":true,"href":"http:\/\/zomidi.de\/index.php?rest_route=\/wp\/v2\/users\/2"}],"replies":[{"embeddable":true,"href":"http:\/\/zomidi.de\/index.php?rest_route=%2Fwp%2Fv2%2Fcomments&post=4"}],"version-history":[{"count":159,"href":"http:\/\/zomidi.de\/index.php?rest_route=\/wp\/v2\/pages\/4\/revisions"}],"predecessor-version":[{"id":2553,"href":"http:\/\/zomidi.de\/index.php?rest_route=\/wp\/v2\/pages\/4\/revisions\/2553"}],"wp:attachment":[{"href":"http:\/\/zomidi.de\/index.php?rest_route=%2Fwp%2Fv2%2Fmedia&parent=4"}],"curies":[{"name":"wp","href":"https:\/\/api.w.org\/{rel}","templated":true}]}}